{"id":4864,"date":"2025-01-11T20:54:03","date_gmt":"2025-01-11T19:54:03","guid":{"rendered":"https:\/\/teams-in-motion.com\/politique-de-cookies\/"},"modified":"2025-10-25T11:45:51","modified_gmt":"2025-10-25T09:45:51","slug":"politique-de-cookies","status":"publish","type":"page","link":"https:\/\/teams-in-motion.com\/fr\/politique-de-cookies\/","title":{"rendered":"Politique de cookies"},"content":{"rendered":"\t\t<div data-elementor-type=\"wp-page\" data-elementor-id=\"4864\" class=\"elementor elementor-4864 elementor-1551\" data-elementor-post-type=\"page\">\n\t\t\t\t<div class=\"elementor-element elementor-element-fc5ef94 e-flex e-con-boxed e-con e-parent\" data-id=\"fc5ef94\" data-element_type=\"container\" data-e-type=\"container\">\n\t\t\t\t\t<div class=\"e-con-inner\">\n\t\t<div class=\"elementor-element elementor-element-83597f6 e-con-full e-flex e-con e-child\" data-id=\"83597f6\" data-element_type=\"container\" data-e-type=\"container\">\n\t\t\t\t<div class=\"elementor-element elementor-element-c7d0eb7 elementor-widget elementor-widget-heading\" data-id=\"c7d0eb7\" data-element_type=\"widget\" data-e-type=\"widget\" data-widget_type=\"heading.default\">\n\t\t\t\t\t<h1 class=\"elementor-heading-title elementor-size-default\">Politique de cookies<\/h1>\t\t\t\t<\/div>\n\t\t\t\t<div class=\"elementor-element elementor-element-89a463a elementor-widget elementor-widget-text-editor\" data-id=\"89a463a\" data-element_type=\"widget\" data-e-type=\"widget\" data-widget_type=\"text-editor.default\">\n\t\t\t\t\t\t\t\t\t<p>Cette politique en mati\u00e8re de cookies s&rsquo;applique aux citoyens et r\u00e9sidents permanents l\u00e9gaux de l&rsquo;Espace \u00e9conomique europ\u00e9en (EEE) et de la Suisse.<\/p>\t\t\t\t\t\t\t\t<\/div>\n\t\t\t\t<div class=\"elementor-element elementor-element-751e378 elementor-widget elementor-widget-heading\" data-id=\"751e378\" data-element_type=\"widget\" data-e-type=\"widget\" data-widget_type=\"heading.default\">\n\t\t\t\t\t<h3 class=\"elementor-heading-title elementor-size-default\">1. Introduction<\/h3>\t\t\t\t<\/div>\n\t\t\t\t<div class=\"elementor-element elementor-element-91d80ed elementor-widget elementor-widget-text-editor\" data-id=\"91d80ed\" data-element_type=\"widget\" data-e-type=\"widget\" data-widget_type=\"text-editor.default\">\n\t\t\t\t\t\t\t\t\t<p>Sur notre site internet, <a href=\"https:\/\/teams-in-motion.com\/fr\/\">teams-in-motion.com<\/a> (ci-apr\u00e8s \u201cle site\u201d), nous utilisons des cookies et d\u2019autres technologies. Pour simplifier, nous utilisons le terme \u201ccookies\u201d pour d\u00e9signer toutes ces technologies. Des cookies peuvent aussi \u00eatre install\u00e9s via des services tiers que nous utilisons. Cette politique d\u00e9crit les cookies que nous utilisons et leurs finalit\u00e9s.<\/p>\t\t\t\t\t\t\t\t<\/div>\n\t\t\t\t<div class=\"elementor-element elementor-element-86c290c elementor-widget elementor-widget-heading\" data-id=\"86c290c\" data-element_type=\"widget\" data-e-type=\"widget\" data-widget_type=\"heading.default\">\n\t\t\t\t\t<h3 class=\"elementor-heading-title elementor-size-default\">2. Que sont les cookies ?<\/h3>\t\t\t\t<\/div>\n\t\t\t\t<div class=\"elementor-element elementor-element-35da144 elementor-widget elementor-widget-text-editor\" data-id=\"35da144\" data-element_type=\"widget\" data-e-type=\"widget\" data-widget_type=\"text-editor.default\">\n\t\t\t\t\t\t\t\t\t<p>Les cookies sont de petits fichiers texte qui sont enregistr\u00e9s sur votre appareil lorsque vous visitez notre site web. Les cookies nous permettent de m\u00e9moriser vos pr\u00e9f\u00e9rences et d&rsquo;am\u00e9liorer la fonctionnalit\u00e9 et les performances du site web. <\/p>\t\t\t\t\t\t\t\t<\/div>\n\t\t\t\t<div class=\"elementor-element elementor-element-75c1858 elementor-widget elementor-widget-heading\" data-id=\"75c1858\" data-element_type=\"widget\" data-e-type=\"widget\" data-widget_type=\"heading.default\">\n\t\t\t\t\t<h3 class=\"elementor-heading-title elementor-size-default\">3. Quels cookies utilisons-nous ?<\/h3>\t\t\t\t<\/div>\n\t\t\t\t<div class=\"elementor-element elementor-element-5aa0ae3 elementor-widget elementor-widget-heading\" data-id=\"5aa0ae3\" data-element_type=\"widget\" data-e-type=\"widget\" data-widget_type=\"heading.default\">\n\t\t\t\t\t<h4 class=\"elementor-heading-title elementor-size-default\">3.1 Cookies strictement n\u00e9cessaires<\/h4>\t\t\t\t<\/div>\n\t\t\t\t<div class=\"elementor-element elementor-element-ad7de90 elementor-widget elementor-widget-text-editor\" data-id=\"ad7de90\" data-element_type=\"widget\" data-e-type=\"widget\" data-widget_type=\"text-editor.default\">\n\t\t\t\t\t\t\t\t\t<p>Ces cookies sont essentiels pour garantir le fonctionnement de base du site web et ne peuvent pas \u00eatre d\u00e9sactiv\u00e9s dans nos syst\u00e8mes. Ils ne sont g\u00e9n\u00e9ralement d\u00e9finis qu&rsquo;en r\u00e9ponse \u00e0 des actions que vous effectuez, telles que la configuration de vos pr\u00e9f\u00e9rences de confidentialit\u00e9, la connexion ou le remplissage de formulaires. <\/p>\t\t\t\t\t\t\t\t<\/div>\n\t\t\t\t<div class=\"elementor-element elementor-element-f798760 elementor-widget elementor-widget-text-editor\" data-id=\"f798760\" data-element_type=\"widget\" data-e-type=\"widget\" data-widget_type=\"text-editor.default\">\n\t\t\t\t\t\t\t\t\t<table>\n    <thead>\n        <tr>\n            <th>Nom du cookie<\/th>\n<th>Description<\/th>\n<th>Pays<\/th>\n<th>Plus d&rsquo;informations<\/th>\n        <\/tr>\n    <\/thead>\n    <tbody>\n        <tr>\n            <td>wordpress_logged_in_*<\/td>\n<td>Utilis\u00e9 par WordPress pour v\u00e9rifier si un utilisateur est connect\u00e9.<\/td>\n<td>Aucun<\/td>\n<td><a href=\"https:\/\/wordpress.org\/support\/article\/cookies\/\" target=\"_blank\" rel=\"noopener\">Plus d&rsquo;informations<\/a><\/td>\n        <\/tr>\n        <tr>\n            <td>wp-settings-*<\/td>\n<td>WordPress utilise ces cookies pour m\u00e9moriser les param\u00e8tres et les pr\u00e9f\u00e9rences des utilisateurs.<\/td>\n<td>Aucun<\/td>\n<td><a href=\"https:\/\/wordpress.org\/support\/article\/cookies\/\" target=\"_blank\" rel=\"noopener\">Plus d&rsquo;informations<\/a><\/td>\n        <\/tr>\n        <tr>\n            <td>wfwaf-authcookie-*<\/td>\n<td>Cookie de s\u00e9curit\u00e9 Wordfence permettant d&rsquo;authentifier les utilisateurs et de contr\u00f4ler l&rsquo;acc\u00e8s.<\/td>\n<td>Aucun<\/td>\n<td><a href=\"https:\/\/www.wordfence.com\/help\/general-data-protection-regulation\/\" target=\"_blank\" rel=\"noopener\">Plus d&rsquo;informations<\/a><\/td>\n        <\/tr>\n        <tr>\n            <td>elementor<\/td>\n<td>Utilis\u00e9 par Elementor pour assurer la coh\u00e9rence de la mise en page du site web lors des visites.<\/td>\n<td>Aucun<\/td>\n<td><a href=\"https:\/\/elementor.com\/help\/privacy\/\" target=\"_blank\" rel=\"noopener\">Plus d&rsquo;informations<\/a><\/td>\n        <\/tr>\n        <tr>\n            <td>_GRECAPTCHA<\/td>\n<td>Utilis\u00e9 pour pr\u00e9venir le spam et l&rsquo;utilisation abusive des formulaires.<\/td>\n<td>\u00c9tats-Unis<\/td>\n<td><a href=\"https:\/\/policies.google.com\/privacy\" target=\"_blank\" rel=\"noopener\">Plus d&rsquo;informations<\/a><\/td>\n        <\/tr>\n    <\/tbody>\n<\/table>\t\t\t\t\t\t\t\t<\/div>\n\t\t\t\t<div class=\"elementor-element elementor-element-99cc718 elementor-widget elementor-widget-heading\" data-id=\"99cc718\" data-element_type=\"widget\" data-e-type=\"widget\" data-widget_type=\"heading.default\">\n\t\t\t\t\t<h4 class=\"elementor-heading-title elementor-size-default\">3.2 Cookies analytiques<\/h4>\t\t\t\t<\/div>\n\t\t\t\t<div class=\"elementor-element elementor-element-f9cc952 elementor-widget elementor-widget-text-editor\" data-id=\"f9cc952\" data-element_type=\"widget\" data-e-type=\"widget\" data-widget_type=\"text-editor.default\">\n\t\t\t\t\t\t\t\t\t<p>Ces cookies collectent des informations sur la mani\u00e8re dont les visiteurs utilisent le site web. Cela nous aide \u00e0 am\u00e9liorer le site web et \u00e0 mieux l&rsquo;adapter aux besoins des visiteurs. Gr\u00e2ce au Consent Mode v2, ces cookies ne deviennent pleinement actifs qu&rsquo;apr\u00e8s avoir obtenu votre consentement.  <\/p>\t\t\t\t\t\t\t\t<\/div>\n\t\t\t\t<div class=\"elementor-element elementor-element-a214058 elementor-widget elementor-widget-text-editor\" data-id=\"a214058\" data-element_type=\"widget\" data-e-type=\"widget\" data-widget_type=\"text-editor.default\">\n\t\t\t\t\t\t\t\t\t<table>\n    <thead>\n        <tr>\n            <th>Nom du cookie<\/th>\n<th>Description<\/th>\n<th>Pays<\/th>\n<th>Plus d&rsquo;informations<\/th>\n        <\/tr>\n    <\/thead>\n    <tbody>\n        <tr>\n            <td>_ga<\/td>\n<td>Utilis\u00e9 pour distinguer les utilisateurs.<\/td>\n<td>\u00c9tats-Unis<\/td>\n<td><a href=\"https:\/\/policies.google.com\/technologies\/cookies\" target=\"_blank\" rel=\"noopener\">Plus d&rsquo;informations<\/a><\/td>\n        <\/tr>\n        <tr>\n            <td>_gid<\/td>\n<td>Enregistre la mani\u00e8re dont les visiteurs utilisent le site et g\u00e9n\u00e8re des rapports analytiques.<\/td>\n<td>\u00c9tats-Unis<\/td>\n<td><a href=\"https:\/\/policies.google.com\/technologies\/cookies\" target=\"_blank\" rel=\"noopener\">Plus d&rsquo;informations<\/a><\/td>\n        <\/tr>\n        <tr>\n            <td>_gat<\/td>\n<td>Utilis\u00e9 pour limiter le nombre de requ\u00eates envoy\u00e9es \u00e0 Google Analytics.<\/td>\n<td>\u00c9tats-Unis<\/td>\n<td><a href=\"https:\/\/policies.google.com\/technologies\/cookies\" target=\"_blank\" rel=\"noopener\">Plus d&rsquo;informations<\/a><\/td>\n        <\/tr>\n        <tr>\n            <td>burst_statistics_*<\/td>\n<td>Utilis\u00e9 par Burst Statistics pour collecter des donn\u00e9es sur le comportement des visiteurs.<\/td>\n<td>Aucun<\/td>\n<td><a href=\"https:\/\/burst-statistics.com\/privacy\/\" target=\"_blank\" rel=\"noopener\">Plus d&rsquo;informations<\/a><\/td>\n        <\/tr>\n    <\/tbody>\n<\/table>\t\t\t\t\t\t\t\t<\/div>\n\t\t\t\t<div class=\"elementor-element elementor-element-1778d29 elementor-widget elementor-widget-heading\" data-id=\"1778d29\" data-element_type=\"widget\" data-e-type=\"widget\" data-widget_type=\"heading.default\">\n\t\t\t\t\t<h4 class=\"elementor-heading-title elementor-size-default\">3.3 Cookies marketing<\/h4>\t\t\t\t<\/div>\n\t\t\t\t<div class=\"elementor-element elementor-element-e75b42a elementor-widget elementor-widget-text-editor\" data-id=\"e75b42a\" data-element_type=\"widget\" data-e-type=\"widget\" data-widget_type=\"text-editor.default\">\n\t\t\t\t\t\t\t\t\t<p>Ces cookies sont utilis\u00e9s pour personnaliser les publicit\u00e9s et suivre le comportement des utilisateurs \u00e0 des fins marketing. Ces cookies ne deviennent pleinement actifs qu&rsquo;apr\u00e8s avoir obtenu votre consentement.  <\/p>\t\t\t\t\t\t\t\t<\/div>\n\t\t\t\t<div class=\"elementor-element elementor-element-0f5e65f elementor-widget elementor-widget-text-editor\" data-id=\"0f5e65f\" data-element_type=\"widget\" data-e-type=\"widget\" data-widget_type=\"text-editor.default\">\n\t\t\t\t\t\t\t\t\t<table>\n  <thead>\n    <tr>\n      <th>Nom du cookie<\/th>\n<th>Description<\/th>\n<th>Pays<\/th>\n<th>Plus d&rsquo;informations<\/th>\n    <\/tr>\n  <\/thead>\n  <tbody>\n    <tr>\n      <td>uuid<\/td>\n<td>Collecte des donn\u00e9es relatives \u00e0 vos visites et \u00e0 votre comportement afin d&rsquo;afficher des publicit\u00e9s cibl\u00e9es.<\/td>\n<td>\u00c9tats-Unis<\/td>\n<td><a href=\"https:\/\/policies.google.com\/technologies\/cookies?hl=nl\" target=\"_blank\" rel=\"noopener\">En savoir plus sur les cookies de Google<\/a><\/td>\n    <\/tr>\n  <\/tbody>\n<\/table>\n\t\t\t\t\t\t\t\t<\/div>\n\t\t\t\t<div class=\"elementor-element elementor-element-17fdcbf elementor-widget elementor-widget-heading\" data-id=\"17fdcbf\" data-element_type=\"widget\" data-e-type=\"widget\" data-widget_type=\"heading.default\">\n\t\t\t\t\t<h3 class=\"elementor-heading-title elementor-size-default\">4. Consentement<\/h3>\t\t\t\t<\/div>\n\t\t\t\t<div class=\"elementor-element elementor-element-8eb65b2 elementor-widget elementor-widget-text-editor\" data-id=\"8eb65b2\" data-element_type=\"widget\" data-e-type=\"widget\" data-widget_type=\"text-editor.default\">\n\t\t\t\t\t\t\t\t\t<p>Lorsque vous visitez notre site web pour la premi\u00e8re fois, une fen\u00eatre contextuelle s&rsquo;affiche avec des explications sur les cookies. Vous pouvez y d\u00e9finir vos pr\u00e9f\u00e9rences. Vous pouvez toujours g\u00e9rer les cookies ult\u00e9rieurement via les param\u00e8tres de votre navigateur ou le lien dans notre banni\u00e8re relative aux cookies.  <\/p>\t\t\t\t\t\t\t\t<\/div>\n\t\t\t\t<div class=\"elementor-element elementor-element-5ce0238 elementor-widget elementor-widget-heading\" data-id=\"5ce0238\" data-element_type=\"widget\" data-e-type=\"widget\" data-widget_type=\"heading.default\">\n\t\t\t\t\t<h3 class=\"elementor-heading-title elementor-size-default\">5. Vos droits en mati\u00e8re de donn\u00e9es \u00e0 caract\u00e8re personnel<\/h3>\t\t\t\t<\/div>\n\t\t\t\t<div class=\"elementor-element elementor-element-1d3cb59 elementor-widget elementor-widget-text-editor\" data-id=\"1d3cb59\" data-element_type=\"widget\" data-e-type=\"widget\" data-widget_type=\"text-editor.default\">\n\t\t\t\t\t\t\t\t\t<p>Vous disposez des droits suivants :<\/p><ul><li>Le droit de savoir pourquoi vos donn\u00e9es personnelles sont utilis\u00e9es, ce qu&rsquo;il en advient et combien de temps elles sont conserv\u00e9es.<\/li><li>Le droit d&rsquo;acc\u00e8s, de rectification et de suppression de vos donn\u00e9es personnelles.<\/li><li>Le droit de retirer votre consentement.<\/li><li>Le droit d&rsquo;introduire une r\u00e9clamation aupr\u00e8s d&rsquo;une autorit\u00e9 de contr\u00f4le.<\/li><\/ul><p>Pour plus d&rsquo;informations ou pour exercer vos droits, veuillez nous contacter.<\/p>\t\t\t\t\t\t\t\t<\/div>\n\t\t\t\t<div class=\"elementor-element elementor-element-190d84b elementor-widget elementor-widget-heading\" data-id=\"190d84b\" data-element_type=\"widget\" data-e-type=\"widget\" data-widget_type=\"heading.default\">\n\t\t\t\t\t<h3 class=\"elementor-heading-title elementor-size-default\">6. G\u00e9rer et supprimer les cookies<\/h3>\t\t\t\t<\/div>\n\t\t\t\t<div class=\"elementor-element elementor-element-c611d98 elementor-widget elementor-widget-text-editor\" data-id=\"c611d98\" data-element_type=\"widget\" data-e-type=\"widget\" data-widget_type=\"text-editor.default\">\n\t\t\t\t\t\t\t\t\t<p>Vous pouvez g\u00e9rer les cookies via les param\u00e8tres de votre navigateur. Vous pouvez y supprimer automatiquement ou manuellement les cookies et configurer votre navigateur pour qu&rsquo;il refuse certains cookies. Vous trouverez plus d&rsquo;informations \u00e0 ce sujet dans la fonction d&rsquo;aide de votre navigateur.  <\/p><p>Attention : si vous d\u00e9sactivez les cookies, notre site web risque de ne pas fonctionner de mani\u00e8re optimale.<\/p>\t\t\t\t\t\t\t\t<\/div>\n\t\t\t\t<div class=\"elementor-element elementor-element-31db73d elementor-widget elementor-widget-heading\" data-id=\"31db73d\" data-element_type=\"widget\" data-e-type=\"widget\" data-widget_type=\"heading.default\">\n\t\t\t\t\t<h3 class=\"elementor-heading-title elementor-size-default\">7. Coordonn\u00e9es<\/h3>\t\t\t\t<\/div>\n\t\t\t\t<div class=\"elementor-element elementor-element-34eaf86 elementor-widget elementor-widget-text-editor\" data-id=\"34eaf86\" data-element_type=\"widget\" data-e-type=\"widget\" data-widget_type=\"text-editor.default\">\n\t\t\t\t\t\t\t\t\t<p>Si vous avez des questions concernant cette politique en mati\u00e8re de cookies ou si vous souhaitez exercer vos droits, veuillez nous contacter :<\/p><ul><li>par e-mail: <a href=\"mailto:hello@teams-in-motion.com\">hello@teams-in-motion.com<\/a><\/li><li>Par courrier: Teams in Motion BV, Laarnesteenweg 107, 9230 Wetteren, Belgique<\/li><li>per telefoon: +32 (0)498 25 80 11<\/li><\/ul>\t\t\t\t\t\t\t\t<\/div>\n\t\t\t\t<div class=\"elementor-element elementor-element-1346b56 elementor-widget elementor-widget-text-editor\" data-id=\"1346b56\" data-element_type=\"widget\" data-e-type=\"widget\" data-widget_type=\"text-editor.default\">\n\t\t\t\t\t\t\t\t\tVersie van 25 octobre 2025.\t\t\t\t\t\t\t\t<\/div>\n\t\t\t\t<div class=\"elementor-element elementor-element-ac09d51 elementor-widget elementor-widget-text-editor\" data-id=\"ac09d51\" data-element_type=\"widget\" data-e-type=\"widget\" data-widget_type=\"text-editor.default\">\n\t\t\t\t\t\t\t\t\t<p><em>Les mises \u00e0 jour de notre politique en mati\u00e8re de cookies sont publi\u00e9es sur www.teams-in-motion.com. <\/em><\/p>\t\t\t\t\t\t\t\t<\/div>\n\t\t\t\t<\/div>\n\t\t\t\t\t<\/div>\n\t\t\t\t<\/div>\n\t\t\t\t<\/div>\n\t\t","protected":false},"excerpt":{"rendered":"<p>Politique de cookies Cette politique en mati\u00e8re de cookies s&rsquo;applique aux citoyens et r\u00e9sidents permanents l\u00e9gaux de l&rsquo;Espace \u00e9conomique europ\u00e9en (EEE) et de la Suisse. 1. Introduction Sur notre site internet, teams-in-motion.com (ci-apr\u00e8s \u201cle site\u201d), nous utilisons des cookies et d\u2019autres technologies. Pour simplifier, nous utilisons le terme \u201ccookies\u201d pour d\u00e9signer toutes ces technologies. Des [&hellip;]<\/p>\n","protected":false},"author":1,"featured_media":0,"parent":0,"menu_order":39,"comment_status":"closed","ping_status":"closed","template":"","meta":{"footnotes":""},"class_list":["post-4864","page","type-page","status-publish","hentry"],"_links":{"self":[{"href":"https:\/\/teams-in-motion.com\/fr\/wp-json\/wp\/v2\/pages\/4864","targetHints":{"allow":["GET"]}}],"collection":[{"href":"https:\/\/teams-in-motion.com\/fr\/wp-json\/wp\/v2\/pages"}],"about":[{"href":"https:\/\/teams-in-motion.com\/fr\/wp-json\/wp\/v2\/types\/page"}],"author":[{"embeddable":true,"href":"https:\/\/teams-in-motion.com\/fr\/wp-json\/wp\/v2\/users\/1"}],"replies":[{"embeddable":true,"href":"https:\/\/teams-in-motion.com\/fr\/wp-json\/wp\/v2\/comments?post=4864"}],"version-history":[{"count":0,"href":"https:\/\/teams-in-motion.com\/fr\/wp-json\/wp\/v2\/pages\/4864\/revisions"}],"wp:attachment":[{"href":"https:\/\/teams-in-motion.com\/fr\/wp-json\/wp\/v2\/media?parent=4864"}],"curies":[{"name":"wp","href":"https:\/\/api.w.org\/{rel}","templated":true}]}}